{"id":7,"date":"2023-06-06T15:47:56","date_gmt":"2023-06-06T15:47:56","guid":{"rendered":"https:\/\/diving.si\/about-us\/"},"modified":"2026-04-03T16:50:33","modified_gmt":"2026-04-03T16:50:33","slug":"uber-mich","status":"publish","type":"page","link":"https:\/\/diving.si\/de\/uber-mich\/","title":{"rendered":"\u00dcber uns \/ Kontakt"},"content":{"rendered":"\n<div class=\"wp-block-columns alignwide has-2-columns is-layout-flex wp-container-core-columns-is-layout-9d6595d7 wp-block-columns-is-layout-flex\">\n<div class=\"wp-block-column is-layout-flow wp-block-column-is-layout-flow\">\n<h2 class=\"wp-block-heading\"><\/h2>\n\n\n\n<figure class=\"wp-block-image size-large\"><img loading=\"lazy\" decoding=\"async\" width=\"1024\" height=\"586\" src=\"https:\/\/diving.si\/de\/wp-content\/uploads\/2023\/06\/2023-06-18-15.14.27-1024x586.jpg\" alt=\"\" class=\"wp-image-299\" srcset=\"https:\/\/diving.si\/de\/wp-content\/uploads\/2023\/06\/2023-06-18-15.14.27-1024x586.jpg 1024w, https:\/\/diving.si\/de\/wp-content\/uploads\/2023\/06\/2023-06-18-15.14.27-300x172.jpg 300w, https:\/\/diving.si\/de\/wp-content\/uploads\/2023\/06\/2023-06-18-15.14.27-768x439.jpg 768w, https:\/\/diving.si\/de\/wp-content\/uploads\/2023\/06\/2023-06-18-15.14.27.jpg 1192w\" sizes=\"auto, (max-width: 1024px) 100vw, 1024px\" \/><\/figure>\n\n\n\n<p>Neu gegr\u00fcndet im Juni 2023 von einem Taucher mit 30 Jahren Erfahrung und einem Tauchlehrer seit 2005 (Gregor Butala).<\/p>\n\n\n\n<p>Im Jahr 2024 habe ich das Tauchzentrum Sharky \u00fcbernommen, ebenfalls in Fiesa.<\/p>\n\n\n\n<p>Ich tauche seit meiner Kindheit im Jahr 1995 und bin seit 2005 Tauchlehrer. Tauchen ist meine gr\u00f6\u00dfte Leidenschaft. Ich habe eine Partnerschaft mit dem Tauchzentrum Sharky in Fiesa (Piran) geschlossen, da sie die beste Lage zum Tauchen in Slowenien haben. Es wird mir eine absolute Freude sein, mit Ihnen tauchen zu gehen.<\/p>\n\n\n\n<p>Die Tauchakademie Piran hat sich auf die Ausbildung von Tauchern spezialisiert. Wir sind spezialisiert auf den Kurs &#8220;<a href=\"https:\/\/diving.si\/de\/schnuppertauchen\/\" data-type=\"URL\" data-id=\"https:\/\/diving.si\/de\/schnuppertauchen\/\">Schnuppertauchen<\/a>&#8221; und Tauchkurse von SSI. Zudem bieten wir Bootstauchg\u00e4nge zu den besten <a href=\"https:\/\/diving.si\/de\/tauchplatze-in-slowenien\/\" data-type=\"link\" data-id=\"https:\/\/diving.si\/de\/tauchplatze-in-slowenien\/\">Tauchpl\u00e4tzen in der slowenischen Adria<\/a> an.<\/p>\n\n\n\n<p>Ich spreche flie\u00dfend Englisch, Deutsch, Spanisch, Kroatisch und Slowenisch.<\/p>\n\n\n\n<div style=\"text-align:center\" class=\"wp-block-genesis-blocks-gb-cta gb-block-cta\"><div class=\"gb-cta-content\"><h2 class=\"gb-cta-title gb-font-size-32\" style=\"color:#32373c\">Komm tauchen mit mir!<\/h2><div class=\"gb-cta-text gb-font-size-32\" style=\"color:#32373c\"><p>Tauche seit 1995, Tauchlehrer seit 2005!<\/p><\/div><\/div><div class=\"gb-cta-button\"><a href=\"https:\/\/wa.me\/38641603841?text=Hallo%21%20Ich%20m%C3%B6chte%20gerne%20mit%20dir%20tauchen%20gehen.%20Kannst%20du%20mir%20mehr%20dazu%20sagen%3F%20Vielen%20Dank.\" target=\"_self\" rel=\"noopener noreferrer\" class=\"gb-button gb-button-shape-rounded gb-button-size-medium\" style=\"color:#ffffff;background-color:#3373dc\">KONTAKT<\/a><\/div><\/div>\n\n\n\n<figure class=\"wp-block-image size-large\"><img loading=\"lazy\" decoding=\"async\" width=\"1024\" height=\"983\" src=\"https:\/\/diving.si\/de\/wp-content\/uploads\/2026\/03\/gregor-1024x983.jpg\" alt=\"\" class=\"wp-image-488\" srcset=\"https:\/\/diving.si\/de\/wp-content\/uploads\/2026\/03\/gregor-1024x983.jpg 1024w, https:\/\/diving.si\/de\/wp-content\/uploads\/2026\/03\/gregor-300x288.jpg 300w, https:\/\/diving.si\/de\/wp-content\/uploads\/2026\/03\/gregor-768x737.jpg 768w, https:\/\/diving.si\/de\/wp-content\/uploads\/2026\/03\/gregor.jpg 1360w\" sizes=\"auto, (max-width: 1024px) 100vw, 1024px\" \/><\/figure>\n<\/div>\n\n\n\n<div class=\"wp-block-column is-layout-flow wp-block-column-is-layout-flow\">\n<h2 class=\"wp-block-heading has-text-align-right\" id=\"mce_9\">Kontakt<\/h2>\n\n\n\n<p class=\"has-text-align-right\"> <strong>+38641603841 (Anrufen oder Whatsapp)<\/strong><\/p>\n\n\n\n<p class=\"has-text-align-right\"> <strong>Tauchzentrumadresse: Fiesa 57<br>6330 Piran &#8211; Pirano<\/strong><\/p>\n\n\n\n<p class=\"has-text-align-right\"><strong>Email: fiesadiving@gmail.com <\/strong><\/p>\n\n\n\n<p>Firmenadrese:<\/p>\n\n\n\n<p>Potaplja\u0161ko dru\u0161tvo Tiburon<br>Fiesa 57, 6330 Piran<\/p>\n\n\n\n<p>D.\u0160.: 74713566<\/p>\n\n\n\n<p>Nismo zavezanci za DDV.<\/p>\n\n\n\n<p>Das Parken in Fiesa ist sehr einfach. Wir bieten den ganzen Tag \u00fcber Parkpl\u00e4tze direkt an unserem Tauchzentrum f\u00fcr 15 EUR an (Parkplatz des Hotels Fiesa). Bitte klingeln Sie an der Rampe und teilen Sie ihnen mit, dass Sie zum Tauchzentrum kommen m\u00f6chten. Bitte bezahlen sie am Hotel Rezepcion.<\/p>\n\n\n\n<p>Es gibt auch ausreichend \u00f6ffentliche Parkpl\u00e4tze in Fiesa (blaue Zonen). Die Tarife beginnen bei 1,80 EUR pro Stunde.<\/p>\n<\/div>\n<\/div>\n","protected":false},"excerpt":{"rendered":"<p>Neu gegr\u00fcndet im Juni 2023 von einem Taucher mit 30 Jahren Erfahrung und einem Tauchlehrer seit 2005 (Gregor Butala). Im Jahr 2024 habe ich das Tauchzentrum Sharky \u00fcbernommen, ebenfalls in Fiesa. Ich tauche seit meiner Kindheit im Jahr 1995 und bin seit 2005 Tauchlehrer. Tauchen ist meine gr\u00f6\u00dfte Leidenschaft. Ich habe eine Partnerschaft mit dem [&hellip;]<\/p>\n","protected":false},"author":1,"featured_media":158,"parent":0,"menu_order":0,"comment_status":"closed","ping_status":"closed","template":"","meta":{"_genesis_hide_title":false,"_genesis_hide_breadcrumbs":false,"_genesis_hide_singular_image":false,"_genesis_hide_footer_widgets":false,"_genesis_custom_body_class":"","_genesis_custom_post_class":"","_genesis_layout":"full-width-content","footnotes":""},"class_list":{"0":"post-7","1":"page","2":"type-page","3":"status-publish","4":"has-post-thumbnail","6":"entry"},"featured_image_src":"https:\/\/diving.si\/de\/wp-content\/uploads\/2023\/06\/me2-1-600x400.jpg","featured_image_src_square":"https:\/\/diving.si\/de\/wp-content\/uploads\/2023\/06\/me2-1-600x600.jpg","_links":{"self":[{"href":"https:\/\/diving.si\/de\/wp-json\/wp\/v2\/pages\/7","targetHints":{"allow":["GET"]}}],"collection":[{"href":"https:\/\/diving.si\/de\/wp-json\/wp\/v2\/pages"}],"about":[{"href":"https:\/\/diving.si\/de\/wp-json\/wp\/v2\/types\/page"}],"author":[{"embeddable":true,"href":"https:\/\/diving.si\/de\/wp-json\/wp\/v2\/users\/1"}],"replies":[{"embeddable":true,"href":"https:\/\/diving.si\/de\/wp-json\/wp\/v2\/comments?post=7"}],"version-history":[{"count":16,"href":"https:\/\/diving.si\/de\/wp-json\/wp\/v2\/pages\/7\/revisions"}],"predecessor-version":[{"id":501,"href":"https:\/\/diving.si\/de\/wp-json\/wp\/v2\/pages\/7\/revisions\/501"}],"wp:featuredmedia":[{"embeddable":true,"href":"https:\/\/diving.si\/de\/wp-json\/wp\/v2\/media\/158"}],"wp:attachment":[{"href":"https:\/\/diving.si\/de\/wp-json\/wp\/v2\/media?parent=7"}],"curies":[{"name":"wp","href":"https:\/\/api.w.org\/{rel}","templated":true}]}}