{"id":5,"date":"2023-06-06T15:47:56","date_gmt":"2023-06-06T15:47:56","guid":{"rendered":"https:\/\/diving.si\/live-the-life-you-deserve\/"},"modified":"2026-03-26T08:48:13","modified_gmt":"2026-03-26T08:48:13","slug":"live-the-life-you-deserve","status":"publish","type":"page","link":"https:\/\/diving.si\/de\/","title":{"rendered":"Tauchen in Piran"},"content":{"rendered":"<section class=\"gb-block-post-grid featuredpost alignfull margin-overlay\"><div class=\"gb-post-grid-items is-grid columns-2\"><article id=\"post-458\" class=\"gb-post-grid-item post-458 post type-post status-publish format-standard has-post-thumbnail category-tauchplatze entry\"><div class=\"gb-block-post-grid-image\"><a href=\"https:\/\/diving.si\/de\/tauchplatze-in-slowenien\/\" rel=\"bookmark\" aria-hidden=\"true\" tabindex=\"-1\"><img loading=\"lazy\" decoding=\"async\" width=\"800\" height=\"400\" src=\"https:\/\/diving.si\/de\/wp-content\/uploads\/2026\/03\/slovenia-dive-sites-800x400.png\" class=\"attachment-featured-image size-featured-image\" alt=\"\" srcset=\"https:\/\/diving.si\/de\/wp-content\/uploads\/2026\/03\/slovenia-dive-sites-800x400.png 800w, https:\/\/diving.si\/de\/wp-content\/uploads\/2026\/03\/slovenia-dive-sites-1600x800.png 1600w\" sizes=\"auto, (max-width: 800px) 100vw, 800px\" \/><\/a><\/div><div class=\"gb-block-post-grid-text\"><header class=\"gb-block-post-grid-header\"><h2 class=\"gb-block-post-grid-title\"><a href=\"https:\/\/diving.si\/de\/tauchplatze-in-slowenien\/\" rel=\"bookmark\">Tauchpl\u00e4tze in Slowenien<\/a><\/h2><div class=\"gb-block-post-grid-byline\"><div class=\"gb-block-post-grid-author\" itemprop=\"author\" itemtype=\"https:\/\/schema.org\/Person\"><a class=\"gb-text-link\" href=\"https:\/\/diving.si\/de\/author\/admin\/\" itemprop=\"url\" rel=\"author\"><span itemprop=\"name\">admin<\/span><\/a><\/div><time datetime=\"2026-03-25T10:30:39+00:00\" class=\"gb-block-post-grid-date\" itemprop=\"datePublished\">March 25, 2026<\/time><\/div><\/header><div class=\"gb-block-post-grid-excerpt\"><p>Wir sind das einzige Tauchzentrum in unserer Region mit einem Boot! Wir betauchen alle Tauchpl\u00e4tze in Slowenien!<\/p>\n<p><a class=\"gb-block-post-grid-more-link gb-text-link\" href=\"https:\/\/diving.si\/de\/tauchplatze-in-slowenien\/\" rel=\"bookmark\">Continue Reading <span class=\"screen-reader-text\">Tauchpl\u00e4tze in Slowenien<\/span><\/a><\/p><\/div><\/div><\/article>\n<article id=\"post-20\" class=\"gb-post-grid-item post-20 post type-post status-publish format-standard has-post-thumbnail category-programme entry\"><div class=\"gb-block-post-grid-image\"><a href=\"https:\/\/diving.si\/de\/schnuppertauchen\/\" rel=\"bookmark\" aria-hidden=\"true\" tabindex=\"-1\"><img loading=\"lazy\" decoding=\"async\" width=\"800\" height=\"400\" src=\"https:\/\/diving.si\/de\/wp-content\/uploads\/2023\/06\/try-scuba5-800x400.jpg\" class=\"attachment-featured-image size-featured-image\" alt=\"\" srcset=\"https:\/\/diving.si\/de\/wp-content\/uploads\/2023\/06\/try-scuba5-800x400.jpg 800w, https:\/\/diving.si\/de\/wp-content\/uploads\/2023\/06\/try-scuba5-1600x800.jpg 1600w\" sizes=\"auto, (max-width: 800px) 100vw, 800px\" \/><\/a><\/div><div class=\"gb-block-post-grid-text\"><header class=\"gb-block-post-grid-header\"><h2 class=\"gb-block-post-grid-title\"><a href=\"https:\/\/diving.si\/de\/schnuppertauchen\/\" rel=\"bookmark\">Schnuppertauchen<\/a><\/h2><div class=\"gb-block-post-grid-byline\"><div class=\"gb-block-post-grid-author\" itemprop=\"author\" itemtype=\"https:\/\/schema.org\/Person\"><a class=\"gb-text-link\" href=\"https:\/\/diving.si\/de\/author\/admin\/\" itemprop=\"url\" rel=\"author\"><span itemprop=\"name\">admin<\/span><\/a><\/div><time datetime=\"2026-03-25T10:30:29+00:00\" class=\"gb-block-post-grid-date\" itemprop=\"datePublished\">March 25, 2026<\/time><\/div><\/header><div class=\"gb-block-post-grid-excerpt\"><p>M\u00f6chten Sie das Tauchen ausprobieren? Sehen Sie den besten Tauchplatz, den Slowenien zu bieten hat? Dann ist es das!<\/p>\n<p>Dieses Programm dauert etwa 3 Stunden und f\u00fchrt Sie mit einem erfahrenen Tauchlehrer unter Wasser. Mindestalter 10 Jahre, keine Vorkenntnisse erforderlich.<\/p>\n<p><a class=\"gb-block-post-grid-more-link gb-text-link\" href=\"https:\/\/diving.si\/de\/schnuppertauchen\/\" rel=\"bookmark\">Continue Reading <span class=\"screen-reader-text\">Schnuppertauchen<\/span><\/a><\/p><\/div><\/div><\/article>\n<\/div><\/section>\n\n<section class=\"gb-block-post-grid featuredpost alignfull\"><div class=\"gb-post-grid-items is-grid columns-3\"><article id=\"post-18\" class=\"gb-post-grid-item post-18 post type-post status-publish format-standard has-post-thumbnail category-programme entry\"><div class=\"gb-block-post-grid-image\"><a href=\"https:\/\/diving.si\/de\/scuba-auffrischung\/\" rel=\"bookmark\" aria-hidden=\"true\" tabindex=\"-1\"><img loading=\"lazy\" decoding=\"async\" width=\"800\" height=\"400\" src=\"https:\/\/diving.si\/de\/wp-content\/uploads\/2023\/06\/scuba-refresh-800x400.jpg\" class=\"attachment-featured-image size-featured-image\" alt=\"\" srcset=\"https:\/\/diving.si\/de\/wp-content\/uploads\/2023\/06\/scuba-refresh-800x400.jpg 800w, https:\/\/diving.si\/de\/wp-content\/uploads\/2023\/06\/scuba-refresh-1600x800.jpg 1600w\" sizes=\"auto, (max-width: 800px) 100vw, 800px\" \/><\/a><\/div><div class=\"gb-block-post-grid-text\"><header class=\"gb-block-post-grid-header\"><h2 class=\"gb-block-post-grid-title\"><a href=\"https:\/\/diving.si\/de\/scuba-auffrischung\/\" rel=\"bookmark\">Scuba-Auffrischung<\/a><\/h2><div class=\"gb-block-post-grid-byline\"><\/div><\/header><div class=\"gb-block-post-grid-excerpt\"><\/div><\/div><\/article>\n<article id=\"post-274\" class=\"gb-post-grid-item post-274 post type-post status-publish format-standard has-post-thumbnail category-programme entry\"><div class=\"gb-block-post-grid-image\"><a href=\"https:\/\/diving.si\/de\/fiesa-riff-tauchgange\/\" rel=\"bookmark\" aria-hidden=\"true\" tabindex=\"-1\"><img loading=\"lazy\" decoding=\"async\" width=\"800\" height=\"400\" src=\"https:\/\/diving.si\/de\/wp-content\/uploads\/2023\/06\/2ab17841-2e52-48eb-ada3-7372ddb75bb4-1-800x400.jpg\" class=\"attachment-featured-image size-featured-image\" alt=\"\" \/><\/a><\/div><div class=\"gb-block-post-grid-text\"><header class=\"gb-block-post-grid-header\"><h2 class=\"gb-block-post-grid-title\"><a href=\"https:\/\/diving.si\/de\/fiesa-riff-tauchgange\/\" rel=\"bookmark\">Fiesa Riff-Tauchg\u00e4nge<\/a><\/h2><div class=\"gb-block-post-grid-byline\"><\/div><\/header><div class=\"gb-block-post-grid-excerpt\"><\/div><\/div><\/article>\n<article id=\"post-12\" class=\"gb-post-grid-item post-12 post type-post status-publish format-standard has-post-thumbnail category-programme entry\"><div class=\"gb-block-post-grid-image\"><a href=\"https:\/\/diving.si\/de\/ssi-tauchkurse\/\" rel=\"bookmark\" aria-hidden=\"true\" tabindex=\"-1\"><img loading=\"lazy\" decoding=\"async\" width=\"800\" height=\"400\" src=\"https:\/\/diving.si\/de\/wp-content\/uploads\/2023\/06\/ssi-800x400.png\" class=\"attachment-featured-image size-featured-image\" alt=\"\" \/><\/a><\/div><div class=\"gb-block-post-grid-text\"><header class=\"gb-block-post-grid-header\"><h2 class=\"gb-block-post-grid-title\"><a href=\"https:\/\/diving.si\/de\/ssi-tauchkurse\/\" rel=\"bookmark\">SSI Tauchkurse<\/a><\/h2><div class=\"gb-block-post-grid-byline\"><\/div><\/header><div class=\"gb-block-post-grid-excerpt\"><\/div><\/div><\/article>\n<\/div><\/section>\n\n\n<div class=\"wp-block-genesis-blocks-gb-container gb-block-container alignfull\"><div class=\"gb-container-inside\"><div class=\"gb-container-content\">\n<div class=\"wp-block-buttons is-style-divider-button is-horizontal is-content-justification-center is-layout-flex wp-container-core-buttons-is-layout-499968f5 wp-block-buttons-is-layout-flex\">\n<div class=\"wp-block-button\"><a class=\"wp-block-button__link wp-element-button\" href=\"tel:+38641603841\">KONTAKT: +38641603841<\/a><\/div>\n<\/div>\n<\/div><\/div><\/div>\n\n\n\n<div style=\"background-color:#ffffff;padding-left:20%;padding-right:20%;padding-bottom:15%;padding-top:10%;margin-top:12%;margin-bottom:10%\" class=\"wp-block-genesis-blocks-gb-container box-shadow gb-block-container alignfull\"><div class=\"gb-container-inside\"><div class=\"gb-container-content\" style=\"max-width:1600px\">\n<h2 class=\"wp-block-heading has-text-align-center\" id=\"newsletter\">Tauchen Sie mit mir an den besten Pl\u00e4tzen der slowenischen K\u00fcste <\/h2>\n\n\n\n<figure class=\"wp-block-image size-large\"><img loading=\"lazy\" decoding=\"async\" width=\"1024\" height=\"768\" src=\"https:\/\/diving.si\/de\/wp-content\/uploads\/2023\/06\/2023-06-10-12.18.52-1024x768.jpg\" alt=\"\" class=\"wp-image-291\" srcset=\"https:\/\/diving.si\/de\/wp-content\/uploads\/2023\/06\/2023-06-10-12.18.52-1024x768.jpg 1024w, https:\/\/diving.si\/de\/wp-content\/uploads\/2023\/06\/2023-06-10-12.18.52-300x225.jpg 300w, https:\/\/diving.si\/de\/wp-content\/uploads\/2023\/06\/2023-06-10-12.18.52-768x576.jpg 768w, https:\/\/diving.si\/de\/wp-content\/uploads\/2023\/06\/2023-06-10-12.18.52-1536x1152.jpg 1536w, https:\/\/diving.si\/de\/wp-content\/uploads\/2023\/06\/2023-06-10-12.18.52.jpg 2016w\" sizes=\"auto, (max-width: 1024px) 100vw, 1024px\" \/><\/figure>\n\n\n\n<p>Mein Name ist Gregor und ich bin SSI-Tauchlehrer. Ich tauche seit meiner fr\u00fchen Kindheit im Jahr 1995 und bin seit 2005 als Tauchlehrer t\u00e4tig. Tauchen ist meine gr\u00f6\u00dfte Leidenschaft. Im Jahr 2024 habe ich das <a href=\"https:\/\/sharky.si\/\" data-type=\"link\" data-id=\"https:\/\/sharky.si\/\">Diving Center Sharky<\/a> von meinem Freund und meinem ersten Tauchlehrer Lado \u00fcbernommen. Unser Tauchzentrum befindet sich direkt am bestm\u00f6glichen Ort zum Tauchen in Slowenien, dem ber\u00fchmten <a href=\"https:\/\/diving.si\/de\/fiesa\/\" data-type=\"link\" data-id=\"https:\/\/diving.si\/de\/fiesa\/\">Tauchplatz Fiesa<\/a>.<\/p>\n\n\n\n<p>Seit ich das Zentrum \u00fcbernommen habe, haben wir es mehr zu einem Tauchclub entwickelt, in dem Freundlichkeit, Sicherheit und Spa\u00df unsere obersten Werte sind. Wir sind mittlerweile mehrere Tauchlehrer und Divemaster, zertifiziert von verschiedenen Organisationen wie SSI, PADI und CMAS, die Kurse durchf\u00fchren und Tauchg\u00e4nge begleiten. Im Jahr 2026 sind wir das einzige Tauchzentrum in der Gegend mit einem Boot und das einzige, das alle <a href=\"https:\/\/diving.si\/de\/tauchplatze-in-slowenien\/\" data-type=\"link\" data-id=\"https:\/\/diving.si\/de\/tauchplatze-in-slowenien\/\">Standorte im slowenischen Meer<\/a> antaucht.<\/p>\n\n\n\n<p>Es wird uns ein absolutes Vergn\u00fcgen sein, Sie zum Tauchen mitzunehmen. Schauen Sie sich auch unsere <a href=\"https:\/\/maps.app.goo.gl\/J7frPRG9ymtqEXQd6\" data-type=\"link\" data-id=\"https:\/\/maps.app.goo.gl\/J7frPRG9ymtqEXQd6\">Bewertungen auf Google<\/a> an.<\/p>\n\n\n\n<p>Ich spreche auch Deutsch.<\/p>\n<\/div><\/div><\/div>\n","protected":false},"excerpt":{"rendered":"","protected":false},"author":1,"featured_media":41,"parent":0,"menu_order":0,"comment_status":"closed","ping_status":"closed","template":"page-templates\/blocks.php","meta":{"_genesis_hide_title":false,"_genesis_hide_breadcrumbs":false,"_genesis_hide_singular_image":false,"_genesis_hide_footer_widgets":false,"_genesis_custom_body_class":"","_genesis_custom_post_class":"","_genesis_layout":"","footnotes":""},"class_list":{"0":"post-5","1":"page","2":"type-page","3":"status-publish","4":"has-post-thumbnail","6":"entry"},"featured_image_src":"https:\/\/diving.si\/de\/wp-content\/uploads\/2023\/06\/2ab17841-2e52-48eb-ada3-7372ddb75bb4-600x400.jpg","featured_image_src_square":"https:\/\/diving.si\/de\/wp-content\/uploads\/2023\/06\/2ab17841-2e52-48eb-ada3-7372ddb75bb4-600x600.jpg","_links":{"self":[{"href":"https:\/\/diving.si\/de\/wp-json\/wp\/v2\/pages\/5","targetHints":{"allow":["GET"]}}],"collection":[{"href":"https:\/\/diving.si\/de\/wp-json\/wp\/v2\/pages"}],"about":[{"href":"https:\/\/diving.si\/de\/wp-json\/wp\/v2\/types\/page"}],"author":[{"embeddable":true,"href":"https:\/\/diving.si\/de\/wp-json\/wp\/v2\/users\/1"}],"replies":[{"embeddable":true,"href":"https:\/\/diving.si\/de\/wp-json\/wp\/v2\/comments?post=5"}],"version-history":[{"count":12,"href":"https:\/\/diving.si\/de\/wp-json\/wp\/v2\/pages\/5\/revisions"}],"predecessor-version":[{"id":483,"href":"https:\/\/diving.si\/de\/wp-json\/wp\/v2\/pages\/5\/revisions\/483"}],"wp:featuredmedia":[{"embeddable":true,"href":"https:\/\/diving.si\/de\/wp-json\/wp\/v2\/media\/41"}],"wp:attachment":[{"href":"https:\/\/diving.si\/de\/wp-json\/wp\/v2\/media?parent=5"}],"curies":[{"name":"wp","href":"https:\/\/api.w.org\/{rel}","templated":true}]}}