{"id":11,"date":"2023-06-06T15:47:57","date_gmt":"2023-06-06T15:47:57","guid":{"rendered":"https:\/\/diving.si\/pricing-page\/"},"modified":"2026-04-10T07:56:11","modified_gmt":"2026-04-10T07:56:11","slug":"preise","status":"publish","type":"page","link":"https:\/\/diving.si\/de\/preise\/","title":{"rendered":"Preise"},"content":{"rendered":"\n<h2 class=\"wp-block-heading has-text-align-center\"><\/h2>\n\n\n\n<div class=\"wp-block-genesis-blocks-gb-pricing gb-pricing-columns-2 alignwide\"><div class=\"gb-pricing-table-wrap gb-block-pricing-table-gap-1\">\n<div class=\"wp-block-genesis-blocks-gb-pricing-table gb-block-pricing-table-center gb-block-pricing-table\" itemscope itemtype=\"http:\/\/schema.org\/Product\"><div class=\"gb-block-pricing-table-inside\" style=\"border-width:6px;border-style:solid;border-color:#f4f4f4;background-color:#f4f4f4;padding:5%\">\n<div itemprop=\"name\" style=\"padding-top:30px;padding-right:20px;padding-bottom:10px;padding-left:20px\" class=\"wp-block-genesis-blocks-gb-pricing-table-title gb-pricing-table-title has-larger-font-size\"><strong>Schnuppertauchen<\/strong><\/div>\n\n\n\n<div class=\"wp-block-genesis-blocks-gb-pricing-table-subtitle gb-pricing-table-subtitle\" style=\"color:#555555;padding-top:10px;padding-right:20px;padding-bottom:10px;padding-left:20px\"><em>Erstes Mal Tauchen, 100% Spa\u00df<\/em><\/div>\n\n\n\n<div class=\"wp-block-genesis-blocks-gb-pricing-table-price gb-pricing-table-price-wrap gb-pricing-has-currency\" style=\"padding-top:10px;padding-right:20px;padding-bottom:10px;padding-left:20px\"><div itemprop=\"offers\" itemscope itemtype=\"http:\/\/schema.org\/Offer\"><span itemprop=\"priceCurrency\" class=\"gb-pricing-table-currency\" style=\"font-size:24px\">\u20ac<\/span><div itemprop=\"price\" class=\"gb-pricing-table-price\" style=\"font-size:60px\"><s>80<\/s> 75<\/div><\/div><\/div>\n\n\n\n<ul itemprop=\"description\" class=\"wp-block-genesis-blocks-gb-pricing-table-features gb-pricing-table-features gb-list-border-none gb-list-border-width-1\" style=\"padding-top:15px;padding-right:20px;padding-bottom:15px;padding-left:20px\"><li>Der Preis ist g\u00fcltig f\u00fcr 2 oder mehr Taucher<\/li><li>Es gibt einen Einzel-Taucher-Zuschlag von 15 EUR<\/li><li>Dauer: ca. 3 Stunden<\/li><li>Keine vorherige Erfahrung erfordlich<br> Bester tauchplatz<br>Erfahrener Tauchlehrer <\/li><\/ul>\n\n\n\n<div class=\"wp-block-genesis-blocks-gb-pricing-table-button gb-pricing-table-button\" style=\"padding-top:15px;padding-right:20px;padding-bottom:35px;padding-left:20px\"><div class=\"gb-block-button\"><a href=\"https:\/\/wa.me\/38641603841?text=Hallo%21%20Ich%20m%C3%B6chte%20das%20Schnuppertauchprogramm%20machen.%20K%C3%B6nnen%20Sie%20mir%20mehr%20dazu%20sagen%3F\" class=\"gb-button gb-button-shape-square gb-button-size-medium\" style=\"color:#ffffff;background-color:#6d2800\">KONTAKT<\/a><\/div><\/div>\n<\/div><\/div>\n\n\n\n<div class=\"wp-block-genesis-blocks-gb-pricing-table gb-block-pricing-table-center gb-block-pricing-table pricing-featured\" itemscope itemtype=\"http:\/\/schema.org\/Product\"><div class=\"gb-block-pricing-table-inside\" style=\"border-width:2px;border-style:solid;border-color:#ffffff;background-color:#ffffff;padding:5%\">\n<div itemprop=\"name\" style=\"padding-top:30px;padding-right:20px;padding-bottom:10px;padding-left:20px\" class=\"wp-block-genesis-blocks-gb-pricing-table-title gb-pricing-table-title has-larger-font-size\"><strong>Auffrischungstauchgang<\/strong><\/div>\n\n\n\n<div class=\"wp-block-genesis-blocks-gb-pricing-table-subtitle gb-pricing-table-subtitle\" style=\"color:#555555;padding-top:10px;padding-right:20px;padding-bottom:10px;padding-left:20px\">Aktualisieren Sie Ihr Wissen<\/div>\n\n\n\n<div class=\"wp-block-genesis-blocks-gb-pricing-table-price gb-pricing-table-price-wrap gb-pricing-has-currency\" style=\"padding-top:10px;padding-right:20px;padding-bottom:10px;padding-left:20px\"><div itemprop=\"offers\" itemscope itemtype=\"http:\/\/schema.org\/Offer\"><span itemprop=\"priceCurrency\" class=\"gb-pricing-table-currency\" style=\"font-size:24px\">\u20ac<\/span><div itemprop=\"price\" class=\"gb-pricing-table-price\" style=\"font-size:60px\">95<\/div><\/div><\/div>\n\n\n\n<ul itemprop=\"description\" class=\"wp-block-genesis-blocks-gb-pricing-table-features gb-pricing-table-features gb-list-border-none gb-list-border-width-1\" style=\"padding-top:15px;padding-right:20px;padding-bottom:15px;padding-left:20px\"><li>Dauer: ca. 3 Stunden<\/li><li>Auffrischung das theoretischen Wissens<br> Wiederholen Sie wichtige Uebungen<br> Geniessen Sie den Tauchgang<br> Erfahrener Tauchlehrer<\/li><li><\/li><\/ul>\n\n\n\n<div class=\"wp-block-genesis-blocks-gb-pricing-table-button gb-pricing-table-button\" style=\"padding-top:15px;padding-right:20px;padding-bottom:35px;padding-left:20px\"><div class=\"gb-block-button\"><a href=\"https:\/\/wa.me\/38641603841?text=Hallo.%20Ich%20m%C3%B6chte%20das%20Scuba%20Refresh%20Programm%20machen.%20K%C3%B6nnen%20Sie%20mir%20mehr%20dazu%20sagen%3F%20Danke.\" class=\"gb-button gb-button-shape-square gb-button-size-medium\" style=\"color:#ffffff;background-color:#a86500\">kontakt<\/a><\/div><\/div>\n<\/div><\/div>\n<\/div><\/div>\n\n\n\n<h2 class=\"wp-block-heading has-text-align-center\"><\/h2>\n\n\n\n<div class=\"wp-block-genesis-blocks-gb-pricing gb-pricing-columns-3 alignwide\"><div class=\"gb-pricing-table-wrap gb-block-pricing-table-gap-1\">\n<div class=\"wp-block-genesis-blocks-gb-pricing-table gb-block-pricing-table-center gb-block-pricing-table\" itemscope itemtype=\"http:\/\/schema.org\/Product\"><div class=\"gb-block-pricing-table-inside\" style=\"border-width:6px;border-style:solid;border-color:#f4f4f4;background-color:#f4f4f4\">\n<div itemprop=\"name\" style=\"padding-top:30px;padding-right:20px;padding-bottom:10px;padding-left:20px\" class=\"wp-block-genesis-blocks-gb-pricing-table-title gb-pricing-table-title has-larger-font-size\"><strong>Rifftauchgang<\/strong><\/div>\n\n\n\n<div class=\"wp-block-genesis-blocks-gb-pricing-table-subtitle gb-pricing-table-subtitle\" style=\"color:#555555;padding-top:10px;padding-right:20px;padding-bottom:10px;padding-left:20px\">Tauchgang in Fiesa <br>(Bester Tauchplatz)<\/div>\n\n\n\n<div class=\"wp-block-genesis-blocks-gb-pricing-table-price gb-pricing-table-price-wrap gb-pricing-has-currency\" style=\"padding-top:10px;padding-right:20px;padding-bottom:10px;padding-left:20px\"><div itemprop=\"offers\" itemscope itemtype=\"http:\/\/schema.org\/Offer\"><span itemprop=\"priceCurrency\" class=\"gb-pricing-table-currency\" style=\"font-size:20px\">\u20ac<\/span><div itemprop=\"price\" class=\"gb-pricing-table-price\" style=\"font-size:50px\"><strong>50<\/strong><\/div><\/div><\/div>\n\n\n\n<ul itemprop=\"description\" class=\"wp-block-genesis-blocks-gb-pricing-table-features gb-pricing-table-features gb-list-border-none gb-list-border-width-1\" style=\"font-size:16px;padding-top:15px;padding-right:20px;padding-bottom:15px;padding-left:20px\"><li> Enth\u00e4lt Ausr\u00fcstung<br>Includes dive guide<br>Nur f\u00fcr zertifizierte Taucher<br>Bester Tauchplatz in Slowenien<\/li><li><strong>Extra tauchgang 35 EUR<\/strong><br><\/li><\/ul>\n\n\n\n<div class=\"wp-block-genesis-blocks-gb-pricing-table-button gb-pricing-table-button\" style=\"padding-top:15px;padding-right:20px;padding-bottom:35px;padding-left:20px\"><div class=\"gb-block-button\"><a href=\"https:\/\/wa.me\/38641603841?text=Hallo%21%20Ich%20w%C3%BCrde%20gerne%20mit%20Ihnen%20in%20Fiesa%20tauchen.%20K%C3%B6nnen%20Sie%20mir%20mehr%20dazu%20erz%C3%A4hlen%3F\" class=\"gb-button gb-button-shape-square gb-button-size-medium\" style=\"color:#ffffff;background-color:#666666\">kontakt<\/a><\/div><\/div>\n<\/div><\/div>\n\n\n\n<div class=\"wp-block-genesis-blocks-gb-pricing-table gb-block-pricing-table-center gb-block-pricing-table pricing-featured\" itemscope itemtype=\"http:\/\/schema.org\/Product\"><div class=\"gb-block-pricing-table-inside\" style=\"border-width:2px;border-style:solid;border-color:#ffffff;background-color:#ffffff\">\n<div itemprop=\"name\" style=\"padding-top:30px;padding-right:20px;padding-bottom:10px;padding-left:20px\" class=\"wp-block-genesis-blocks-gb-pricing-table-title gb-pricing-table-title has-larger-font-size\"><strong>Bootstauchgang<\/strong><\/div>\n\n\n\n<div class=\"wp-block-genesis-blocks-gb-pricing-table-subtitle gb-pricing-table-subtitle\" style=\"color:#555555;padding-top:10px;padding-right:20px;padding-bottom:10px;padding-left:20px\">Wracktauchen<\/div>\n\n\n\n<div class=\"wp-block-genesis-blocks-gb-pricing-table-price gb-pricing-table-price-wrap gb-pricing-has-currency\" style=\"padding-top:10px;padding-right:20px;padding-bottom:10px;padding-left:20px\"><div itemprop=\"offers\" itemscope itemtype=\"http:\/\/schema.org\/Offer\"><span itemprop=\"priceCurrency\" class=\"gb-pricing-table-currency\" style=\"font-size:20px\">\u20ac<\/span><div itemprop=\"price\" class=\"gb-pricing-table-price\" style=\"font-size:50px\"><strong>75<\/strong><\/div><\/div><\/div>\n\n\n\n<ul itemprop=\"description\" class=\"wp-block-genesis-blocks-gb-pricing-table-features gb-pricing-table-features gb-list-border-none gb-list-border-width-1\" style=\"font-size:16px;padding-top:15px;padding-right:20px;padding-bottom:15px;padding-left:20px\"><li>Tauchen Sie mit unserem Boot<br>Enth\u00e4lt Ausr\u00fcstung<br> Tauchf\u00fchrer inklusive<br>Wrack- oder Riff-Tauchgang <\/li><\/ul>\n\n\n\n<div class=\"wp-block-genesis-blocks-gb-pricing-table-button gb-pricing-table-button\" style=\"padding-top:15px;padding-right:20px;padding-bottom:35px;padding-left:20px\"><div class=\"gb-block-button\"><a href=\"https:\/\/wa.me\/38641603841?text=Hallo%21%20Ich%20m%C3%B6chte%20gerne%20Wracktauchen%20gehen.%20K%C3%B6nnen%20Sie%20mir%20mehr%20dazu%20sagen%3F\" class=\"gb-button gb-button-shape-square gb-button-size-medium\" style=\"color:#ffffff;background-color:#a86500\">kontakt<\/a><\/div><\/div>\n<\/div><\/div>\n\n\n\n<div class=\"wp-block-genesis-blocks-gb-pricing-table gb-block-pricing-table-center gb-block-pricing-table\" itemscope itemtype=\"http:\/\/schema.org\/Product\"><div class=\"gb-block-pricing-table-inside\" style=\"border-width:6px;border-style:solid;border-color:#f4f4f4;background-color:#f4f4f4\">\n<div itemprop=\"name\" style=\"padding-top:30px;padding-right:20px;padding-bottom:10px;padding-left:20px\" class=\"wp-block-genesis-blocks-gb-pricing-table-title gb-pricing-table-title has-larger-font-size\"><strong>OWD-Kurs<\/strong><\/div>\n\n\n\n<div class=\"wp-block-genesis-blocks-gb-pricing-table-subtitle gb-pricing-table-subtitle\" style=\"color:#555555;padding-top:10px;padding-right:20px;padding-bottom:10px;padding-left:20px\"><em>Tauchzertifizierung<\/em><\/div>\n\n\n\n<div class=\"wp-block-genesis-blocks-gb-pricing-table-price gb-pricing-table-price-wrap gb-pricing-has-currency\" style=\"padding-top:10px;padding-right:20px;padding-bottom:10px;padding-left:20px\"><div itemprop=\"offers\" itemscope itemtype=\"http:\/\/schema.org\/Offer\"><span itemprop=\"priceCurrency\" class=\"gb-pricing-table-currency\" style=\"font-size:20px\">\u20ac<\/span><div itemprop=\"price\" class=\"gb-pricing-table-price\" style=\"font-size:50px\"><strong>340<\/strong><\/div><\/div><\/div>\n\n\n\n<ul itemprop=\"description\" class=\"wp-block-genesis-blocks-gb-pricing-table-features gb-pricing-table-features gb-list-border-none gb-list-border-width-1\" style=\"font-size:16px;padding-top:15px;padding-right:20px;padding-bottom:15px;padding-left:20px\"><li>Der Preis gilt f\u00fcr mindestens 3 Personen<br>Alles enthalten<br>Flexible Zeiteinteilung<br>SSI-Zertifizierung<\/li><\/ul>\n\n\n\n<div class=\"wp-block-genesis-blocks-gb-pricing-table-button gb-pricing-table-button\" style=\"padding-top:15px;padding-right:20px;padding-bottom:35px;padding-left:20px\"><div class=\"gb-block-button\"><a href=\"https:\/\/wa.me\/38641603841?text=Hallo%21%20Ich%20interessiere%20mich%20daf%C3%BCr%2C%20einen%20Tauchkurs%20bei%20Ihnen%20zu%20absolvieren.%20K%C3%B6nnen%20Sie%20mir%20mehr%20dazu%20erz%C3%A4hlen%3F\" class=\"gb-button gb-button-shape-square gb-button-size-medium\" style=\"color:#ffffff;background-color:#666666\">kontakt<\/a><\/div><\/div>\n<\/div><\/div>\n<\/div><\/div>\n\n\n\n<h2 class=\"wp-block-heading has-text-align-center\">Bitte kontaktieren Sie mich f\u00fcr weitere SSI-Kurse<\/h2>\n","protected":false},"excerpt":{"rendered":"<p>Bitte kontaktieren Sie mich f\u00fcr weitere SSI-Kurse<\/p>\n","protected":false},"author":1,"featured_media":31,"parent":0,"menu_order":0,"comment_status":"closed","ping_status":"closed","template":"","meta":{"_genesis_hide_title":false,"_genesis_hide_breadcrumbs":false,"_genesis_hide_singular_image":false,"_genesis_hide_footer_widgets":false,"_genesis_custom_body_class":"","_genesis_custom_post_class":"","_genesis_layout":"full-width-content","footnotes":""},"class_list":{"0":"post-11","1":"page","2":"type-page","3":"status-publish","4":"has-post-thumbnail","6":"entry"},"featured_image_src":"https:\/\/diving.si\/de\/wp-content\/uploads\/2023\/06\/cenote-angelita-mexico-cave-diving-extreme-adventure-underwater-landscape-water-fog-600x400.jpg","featured_image_src_square":"https:\/\/diving.si\/de\/wp-content\/uploads\/2023\/06\/cenote-angelita-mexico-cave-diving-extreme-adventure-underwater-landscape-water-fog-600x600.jpg","_links":{"self":[{"href":"https:\/\/diving.si\/de\/wp-json\/wp\/v2\/pages\/11","targetHints":{"allow":["GET"]}}],"collection":[{"href":"https:\/\/diving.si\/de\/wp-json\/wp\/v2\/pages"}],"about":[{"href":"https:\/\/diving.si\/de\/wp-json\/wp\/v2\/types\/page"}],"author":[{"embeddable":true,"href":"https:\/\/diving.si\/de\/wp-json\/wp\/v2\/users\/1"}],"replies":[{"embeddable":true,"href":"https:\/\/diving.si\/de\/wp-json\/wp\/v2\/comments?post=11"}],"version-history":[{"count":39,"href":"https:\/\/diving.si\/de\/wp-json\/wp\/v2\/pages\/11\/revisions"}],"predecessor-version":[{"id":503,"href":"https:\/\/diving.si\/de\/wp-json\/wp\/v2\/pages\/11\/revisions\/503"}],"wp:featuredmedia":[{"embeddable":true,"href":"https:\/\/diving.si\/de\/wp-json\/wp\/v2\/media\/31"}],"wp:attachment":[{"href":"https:\/\/diving.si\/de\/wp-json\/wp\/v2\/media?parent=11"}],"curies":[{"name":"wp","href":"https:\/\/api.w.org\/{rel}","templated":true}]}}